


{"id":7,"date":"2015-12-18T06:40:16","date_gmt":"2015-12-18T06:40:16","guid":{"rendered":"http:\/\/localhost\/cokhicst\/?page_id=7"},"modified":"2025-12-19T14:55:08","modified_gmt":"2025-12-19T07:55:08","slug":"trang-chu","status":"publish","type":"page","link":"https:\/\/phuquocyensao.vn\/en\/","title":{"rendered":"Home page"},"content":{"rendered":"<p><\/p>\n<div class=\"danhsachsanpham\" style=\"margin-top: 20px;\">\n<p><a href=\"\/wp-content\/uploads\/2016\/02\/hinhdep.png\" data-rel=\"lightbox\"><img class=\"alignnone size-thumbnail wp-image-216\" src=\"\/wp-content\/uploads\/2016\/02\/hinhdep.png\" alt=\"hinhdep\" \/><\/a><\/p>\n<h4 class=\"header_sanpham\"><a href=\"\/danh-muc-san-pham\/to-yen-sao\/\">Products Salanganes&#8217;Nest<\/a><\/h4>\n<div class=\"woocommerce columns-4\">\n\t\t\t\n\t\t\t<div id=\"product_wrapper\" class=\"products kt-masonry-init rowtight shopcolumn4 shopsidebarwidth\" data-masonry-selector=\".kad_product\">\n\t\t\t\t\n\t\t\t\t\t<div class=\"tcol-md-3 tcol-sm-4 tcol-xs-6 tcol-ss-12 kad_product\">\n\t<div class=\"grid_item product_item clearfix post-297 product type-product status-publish has-post-thumbnail product_cat-to-yen-sao product_tag-yen-to-mau-cam shipping-taxable purchasable product-type-simple product-cat-to-yen-sao product-tag-yen-to-mau-cam instock\">\n\n\n\t\n\t<a href=\"https:\/\/phuquocyensao.vn\/en\/shop\/yen-to%cc%89-mau-cam-100g\/\" class=\"product_item_link\">\n\n\t\t\t\t\t\n\t\t\t\t\t\t \n\t            \t <img width=\"268\" height=\"268\" src=\"https:\/\/phuquocyensao.vn\/wp-content\/uploads\/2016\/01\/resize-4.jpg\" class=\"attachment-shop_catalog wp-post-image\" alt=\"\u6a58\u71d5\u5929\u81ea\u7136 &#8211; 100G\">\n\t            \t              <\/a>\n\t\t<div class=\"product_details\">\n\t\t\t<a href=\"https:\/\/phuquocyensao.vn\/en\/shop\/yen-to%cc%89-mau-cam-100g\/\" class=\"product_item_link\">\n\t\t\t<h5>\u6a58\u71d5\u5929\u81ea\u7136 &#8211; 100G<\/h5>\t\t\t<\/a>\n\n\t\t\t<div class=\"product_excerpt\"><\/div>\n\t\t<\/div>\n\t\t \n\t<span class='notrated'>not rated<\/span>\t\n\t<span class=\"product_price headerfont\"><span class=\"amount\">3,600,000&nbsp;&#8363;<\/span><\/span>\n\n\t<a href=\"\/en\/wp-json\/wp\/v2\/pages\/7?add-to-cart=297\" rel=\"nofollow\" data-product_id=\"297\" data-product_sku=\"YTMC\" class=\"button kad-btn headerfont kad_add_to_cart add_to_cart_button product_type_simple\">Add to cart<\/a>\t<\/div>\n<\/div>\n\t\t\t\t\n\t\t\t\t\t<div class=\"tcol-md-3 tcol-sm-4 tcol-xs-6 tcol-ss-12 kad_product\">\n\t<div class=\"grid_item product_item clearfix post-294 product type-product status-publish has-post-thumbnail product_cat-to-yen-sao product_tag-yen-tinh-che-phu-quoc sale featured shipping-taxable purchasable product-type-simple product-cat-to-yen-sao product-tag-yen-tinh-che-phu-quoc instock\">\n\n\n\t\n\t<a href=\"https:\/\/phuquocyensao.vn\/en\/shop\/yen-tinh-che-loai-1-50g\/\" class=\"product_item_link\">\n\n\t\t\t\t\t\r\n\t<span class=\"onsale\">-27%<\/span>\r\n\n\t\t\t\t\t\t \n\t            \t <img width=\"268\" height=\"268\" src=\"https:\/\/phuquocyensao.vn\/wp-content\/uploads\/2016\/01\/resize-3-268x268.jpg\" class=\"attachment-shop_catalog wp-post-image\" alt=\"Purifying Nest 1 &#8211; 50G\">\n\t            \t              <\/a>\n\t\t<div class=\"product_details\">\n\t\t\t<a href=\"https:\/\/phuquocyensao.vn\/en\/shop\/yen-tinh-che-loai-1-50g\/\" class=\"product_item_link\">\n\t\t\t<h5>Purifying Nest 1 &#8211; 50G<\/h5>\t\t\t<\/a>\n\n\t\t\t<div class=\"product_excerpt\"><\/div>\n\t\t<\/div>\n\t\t \n\t<span class='notrated'>not rated<\/span>\t\n\t<span class=\"product_price headerfont\"><del><span class=\"amount\">2,600,000&nbsp;&#8363;<\/span><\/del> <ins><span class=\"amount\">1,900,000&nbsp;&#8363;<\/span><\/ins><\/span>\n\n\t<a href=\"\/en\/wp-json\/wp\/v2\/pages\/7?add-to-cart=294\" rel=\"nofollow\" data-product_id=\"294\" data-product_sku=\"YTCL2-50G\" class=\"button kad-btn headerfont kad_add_to_cart add_to_cart_button product_type_simple\">Add to cart<\/a>\t<\/div>\n<\/div>\n\t\t\t\t\n\t\t\t\t\t<div class=\"tcol-md-3 tcol-sm-4 tcol-xs-6 tcol-ss-12 kad_product\">\n\t<div class=\"grid_item product_item clearfix post-288 product type-product status-publish has-post-thumbnail product_cat-to-yen-sao product_tag-yen-phu-quoc-chat-luong-gia-re sale shipping-taxable purchasable product-type-simple product-cat-to-yen-sao product-tag-yen-phu-quoc-chat-luong-gia-re instock\">\n\n\n\t\n\t<a href=\"https:\/\/phuquocyensao.vn\/en\/shop\/yen-tinh-che-loai-1-100g\/\" class=\"product_item_link\">\n\n\t\t\t\t\t\r\n\t<span class=\"onsale\">-27%<\/span>\r\n\n\t\t\t\t\t\t \n\t            \t <img width=\"268\" height=\"268\" src=\"https:\/\/phuquocyensao.vn\/wp-content\/uploads\/2016\/01\/1435312007-600x600-268x268.jpeg\" class=\"attachment-shop_catalog wp-post-image\" alt=\"Purifying Nest 1 &#8211; 100G\">\n\t            \t              <\/a>\n\t\t<div class=\"product_details\">\n\t\t\t<a href=\"https:\/\/phuquocyensao.vn\/en\/shop\/yen-tinh-che-loai-1-100g\/\" class=\"product_item_link\">\n\t\t\t<h5>Purifying Nest 1 &#8211; 100G<\/h5>\t\t\t<\/a>\n\n\t\t\t<div class=\"product_excerpt\"><p>Y\u1ebfn \u0111\u1ea3o nguy\u00ean ch\u1ea5t \u0111\u01b0\u1ee3c c\u00f4ng ty ch\u00fang t\u00f4i l\u1ef1a ch\u1ecdn v\u00e0 l\u00e0m b\u1eb1ng th\u1ee7 c\u00f4ng \u0111\u1ea3m b\u1ea3o ch\u1ea5t l\u01b0\u01a1ng v\u00e0 gi\u00e1 c\u1ea3 h\u1ee3p l\u00fd<\/p>\n<p>Y\u1ebfn s\u00e0o ph\u00fa qu\u1ed1c t\u1ed1t cho s\u1ee9c kh\u1ecfe t\u0103ng s\u1ee9c \u0111\u1ec1 kh\u00e1ng .<\/p>\n<p>c\u00f4ng d\u1ee5ng ng\u1eeba\u00a0 v\u00e0 l\u00e0m ch\u1eadm ph\u00e1t tri\u1ec3n t\u1ebf b\u00e0o ung th\u01b0<\/p>\n<p>c\u00f4ng ty ch\u00fang t\u00f4i cam k\u1ebft ch\u1ea5t l\u01b0\u01a1ng n\u1ebfu kh\u00f4ng \u0111\u00fang s\u1ebd ho\u00e0n ti\u1ec1n 200%<\/p>\n<p>0908133189 CH\u1ecb H\u00e0 gi\u00e1 \u01b0u \u0111\u00e3i<\/p>\n<\/div>\n\t\t<\/div>\n\t\t \n\t<span class='notrated'>not rated<\/span>\t\n\t<span class=\"product_price headerfont\"><del><span class=\"amount\">5,200,000&nbsp;&#8363;<\/span><\/del> <ins><span class=\"amount\">3,800,000&nbsp;&#8363;<\/span><\/ins><\/span>\n\n\t<a href=\"\/en\/wp-json\/wp\/v2\/pages\/7?add-to-cart=288\" rel=\"nofollow\" data-product_id=\"288\" data-product_sku=\"YTCL1\" class=\"button kad-btn headerfont kad_add_to_cart add_to_cart_button product_type_simple\">Add to cart<\/a>\t<\/div>\n<\/div>\n\t\t\t\t\n\t\t\t\t\t<div class=\"tcol-md-3 tcol-sm-4 tcol-xs-6 tcol-ss-12 kad_product\">\n\t<div class=\"grid_item product_item clearfix post-286 product type-product status-publish has-post-thumbnail product_cat-to-yen-sao shipping-taxable purchasable product-type-simple product-cat-to-yen-sao instock\">\n\n\n\t\n\t<a href=\"https:\/\/phuquocyensao.vn\/en\/shop\/yen-phun-suong-nguyen-soi-100g\/\" class=\"product_item_link\">\n\n\t\t\t\t\t\n\t\t\t\t\t\t \n\t            \t <img width=\"268\" height=\"268\" src=\"https:\/\/phuquocyensao.vn\/wp-content\/uploads\/2016\/01\/resize-268x268.jpg\" class=\"attachment-shop_catalog wp-post-image\" alt=\"Oat fiber material spray &#8211; 100G\">\n\t            \t              <\/a>\n\t\t<div class=\"product_details\">\n\t\t\t<a href=\"https:\/\/phuquocyensao.vn\/en\/shop\/yen-phun-suong-nguyen-soi-100g\/\" class=\"product_item_link\">\n\t\t\t<h5>Oat fiber material spray &#8211; 100G<\/h5>\t\t\t<\/a>\n\n\t\t\t<div class=\"product_excerpt\"><\/div>\n\t\t<\/div>\n\t\t \n\t<span class='notrated'>not rated<\/span>\t\n\t<span class=\"product_price headerfont\"><span class=\"amount\">4,200,000&nbsp;&#8363;<\/span><\/span>\n\n\t<a href=\"\/en\/wp-json\/wp\/v2\/pages\/7?add-to-cart=286\" rel=\"nofollow\" data-product_id=\"286\" data-product_sku=\"YPSNS\" class=\"button kad-btn headerfont kad_add_to_cart add_to_cart_button product_type_simple\">Add to cart<\/a>\t<\/div>\n<\/div>\n\t\t\t\t\n\t\t\t<\/div>\n\t\t\t\n\t\t<\/div>\n<\/div>\n<div class=\"danhsachsanpham\">\n<p><a href=\"\/wp-content\/uploads\/2015\/12\/khuyen-mai-tet-2016.jpg\" data-rel=\"lightbox\"><img class=\"alignnone size-thumbnail wp-image-216\" src=\"https:\/\/phuquocyensao.vn\/wp-content\/uploads\/2025\/12\/banner1.png\" alt=\"hinhdep\" \/><\/a><\/p>\n<h4 class=\"header_sanpham\"><a href=\"\/shop\/\">Other products<\/a><\/h4>\n<div class=\"woocommerce columns-4\">\n\t\t\t\n\t\t\t<div id=\"product_wrapper\" class=\"products kt-masonry-init rowtight shopcolumn4 shopsidebarwidth\" data-masonry-selector=\".kad_product\">\n\t\t\t\t\n\t\t\t\t\t<div class=\"tcol-md-3 tcol-sm-4 tcol-xs-6 tcol-ss-12 kad_product\">\n\t<div class=\"grid_item product_item clearfix post-311 product type-product status-publish has-post-thumbnail product_cat-ca-phe-nguyen-chat shipping-taxable purchasable product-type-simple product-cat-ca-phe-nguyen-chat instock\">\n\n\n\t\n\t<a href=\"https:\/\/phuquocyensao.vn\/en\/shop\/nhan-ca-phe-buon-me-thuat\/\" class=\"product_item_link\">\n\n\t\t\t\t\t\n\t\t\t\t\t\t \n\t            \t <img width=\"268\" height=\"268\" src=\"https:\/\/phuquocyensao.vn\/wp-content\/uploads\/2016\/01\/IMG_5933-268x268.jpg\" class=\"attachment-shop_catalog wp-post-image\" alt=\"Buon Me Thuot coffee brand Name\">\n\t            \t              <\/a>\n\t\t<div class=\"product_details\">\n\t\t\t<a href=\"https:\/\/phuquocyensao.vn\/en\/shop\/nhan-ca-phe-buon-me-thuat\/\" class=\"product_item_link\">\n\t\t\t<h5>Buon Me Thuot coffee brand Name<\/h5>\t\t\t<\/a>\n\n\t\t\t<div class=\"product_excerpt\"><p>C\u00e0 ph\u00ea \u0110\u00f4ng H\u00e0 \u0111\u01b0\u1ee3c tuy\u1ec3n ch\u1ecdn t\u1eeb nh\u1eefng h\u1ea1t c\u00e0ph\u00ea ch\u00edn ,ngon ,tr\u1ed3ng \u1edf v\u00f9ng cao nguy\u00ean .H\u1ea1t c\u00e0 ph\u00ea nguy\u00ean ch\u1ea5t,\u0111em \u0111\u1ebfn cho m\u1ecdi ng\u01b0\u1eddi h\u01b0\u01a1ng v\u1ecb \u0111\u1eadm \u0111\u00e0 kh\u00f3 qu\u00ean. Li\u00ean h\u1ec7 Ms H\u00e0:0903190893 gi\u00e1 s\u1ec9 v\u00e0 l\u1ebb.<\/p>\n<\/div>\n\t\t<\/div>\n\t\t \n\t<span class='notrated'>not rated<\/span>\t\n\t<span class=\"product_price headerfont\"><span class=\"amount\">200,000&nbsp;&#8363;<\/span><\/span>\n\n\t<a href=\"\/en\/wp-json\/wp\/v2\/pages\/7?add-to-cart=311\" rel=\"nofollow\" data-product_id=\"311\" data-product_sku=\"CFBMT\" class=\"button kad-btn headerfont kad_add_to_cart add_to_cart_button product_type_simple\">Add to cart<\/a>\t<\/div>\n<\/div>\n\t\t\t\t\n\t\t\t<\/div>\n\t\t\t\n\t\t<\/div>\n<\/div>\n<div class=\"danhsachsanpham\">\n<h4 class=\"header_sanpham\"><a href=\"\/category\/cong-dung-cua-yen-sao\/\">The use of bird nests<\/a><\/h4>\n<div id=\"tintuc\">\n<\/p>\n<div id=\"tintuc_content\"><a  href=\"https:\/\/phuquocyensao.vn\/en\/2016\/02\/02\/yen-sao-thuc-pham-vang-cho-phu-nu-3\/\"><img width=\"600\" height=\"821\" src=\"https:\/\/phuquocyensao.vn\/wp-content\/uploads\/2016\/01\/phu-nu-dung-yen.jpg\" class=\"attachment-full size-full wp-post-image\" alt=\"\" loading=\"lazy\" \/><\/a><br \/>\n<a  href=\"https:\/\/phuquocyensao.vn\/en\/2016\/02\/02\/yen-sao-thuc-pham-vang-cho-phu-nu-3\/\">Nests - food \" gold \" for women<\/a><\/p>\n<div id=\"noidung_tintuc\">In addition to foster physical and mental, Nests also widely recognized as an \"invaluable assistant\" in the maintenance of health [...]<\/div>\n<\/div>\n<p>\n<\/p>\n<div id=\"tintuc_content\"><a  href=\"https:\/\/phuquocyensao.vn\/en\/2016\/02\/02\/cong-dung-cua-yen-sao-doi-voi-tre-em\/\"><img width=\"203\" height=\"249\" src=\"https:\/\/phuquocyensao.vn\/wp-content\/uploads\/2016\/02\/be.jpg\" class=\"attachment-full size-full wp-post-image\" alt=\"\" loading=\"lazy\" \/><\/a><br \/>\n<a  href=\"https:\/\/phuquocyensao.vn\/en\/2016\/02\/02\/cong-dung-cua-yen-sao-doi-voi-tre-em\/\">Use of Nests for children<\/a><\/p>\n<div id=\"noidung_tintuc\">Sorry, this entry is only available in Vietnamese. [...]<\/div>\n<\/div>\n<p>\n<\/p>\n<div id=\"tintuc_content\"><a  href=\"https:\/\/phuquocyensao.vn\/en\/2016\/02\/02\/cong-dung-cua-yen-sao-phu-quoc-doi-voi-phu-nu-mang-thai\/\"><img width=\"500\" height=\"336\" src=\"https:\/\/phuquocyensao.vn\/wp-content\/uploads\/2016\/02\/to-yen-va-phu-nu-mang-thai.jpg\" class=\"attachment-full size-full wp-post-image\" alt=\"\" loading=\"lazy\" \/><\/a><br \/>\n<a  href=\"https:\/\/phuquocyensao.vn\/en\/2016\/02\/02\/cong-dung-cua-yen-sao-phu-quoc-doi-voi-phu-nu-mang-thai\/\">Use of Phu Quoc Nests for pregnant women<\/a><\/p>\n<div id=\"noidung_tintuc\">Sorry, this entry is only available in Vietnamese. [...]<\/div>\n<\/div>\n<p>\n<\/p>\n<div id=\"tintuc_content\"><a  href=\"https:\/\/phuquocyensao.vn\/en\/2016\/02\/02\/yen-sao-voi-nguoi-cao-tuoi-nguoi-benh\/\"><img width=\"605\" height=\"403\" src=\"https:\/\/phuquocyensao.vn\/wp-content\/uploads\/2016\/02\/005-yen-sao-nguoi-gia.jpg\" class=\"attachment-full size-full wp-post-image\" alt=\"\" loading=\"lazy\" \/><\/a><br \/>\n<a  href=\"https:\/\/phuquocyensao.vn\/en\/2016\/02\/02\/yen-sao-voi-nguoi-cao-tuoi-nguoi-benh\/\">Y\u1ebfn s\u00e0o v\u1edbi ng\u01b0\u1eddi cao tu\u1ed5i ng\u01b0\u1eddi b\u1ec7nh<\/a><\/p>\n<div id=\"noidung_tintuc\">Sorry, this entry is only available in Vietnamese. [...]<\/div>\n<\/div>\n<p>\n<\/div>\n<\/div>\n<div class=\"danhsachsanpham\">\n<h4 class=\"header_sanpham\"><a href=\"\/category\/che-bien-yen-sao\/\">Processing Salanganes&#8217;Nest<\/a><\/h4>\n<div id=\"tintuc\">\n<\/p>\n<div id=\"tintuc_content\"><a  href=\"https:\/\/phuquocyensao.vn\/en\/2016\/02\/02\/che-to-yen\/\"><img width=\"1000\" height=\"664\" src=\"https:\/\/phuquocyensao.vn\/wp-content\/uploads\/2016\/02\/cheyen.jpg\" class=\"attachment-full size-full wp-post-image\" alt=\"\" loading=\"lazy\" \/><\/a><br \/>\n<a  href=\"https:\/\/phuquocyensao.vn\/en\/2016\/02\/02\/che-to-yen\/\">Ch\u00e8 t\u1ed5 y\u1ebfn<\/a><\/p>\n<div id=\"noidung_tintuc\">Sorry, this entry is only available in Vietnamese. [...]<\/div>\n<\/div>\n<p>\n<\/p>\n<div id=\"tintuc_content\"><a  href=\"https:\/\/phuquocyensao.vn\/en\/2016\/02\/02\/yen-sao-chung-duong-phen\/\"><img width=\"259\" height=\"195\" src=\"https:\/\/phuquocyensao.vn\/wp-content\/uploads\/2016\/02\/chenyen.jpg\" class=\"attachment-full size-full wp-post-image\" alt=\"\" loading=\"lazy\" \/><\/a><br \/>\n<a  href=\"https:\/\/phuquocyensao.vn\/en\/2016\/02\/02\/yen-sao-chung-duong-phen\/\">Y\u1ebfn s\u00e0o ch\u01b0ng \u0111\u01b0\u1eddng ph\u00e8n<\/a><\/p>\n<div id=\"noidung_tintuc\">Sorry, this entry is only available in Vietnamese. [...]<\/div>\n<\/div>\n<p>\n<\/p>\n<div id=\"tintuc_content\"><a  href=\"https:\/\/phuquocyensao.vn\/en\/2016\/02\/02\/yen-tha-nuoc-cot-ga\/\"><img width=\"725\" height=\"408\" src=\"https:\/\/phuquocyensao.vn\/wp-content\/uploads\/2016\/02\/yen-tha-nuoc-cot-ga-buoc-4.jpg\" class=\"attachment-full size-full wp-post-image\" alt=\"\" loading=\"lazy\" \/><\/a><br \/>\n<a  href=\"https:\/\/phuquocyensao.vn\/en\/2016\/02\/02\/yen-tha-nuoc-cot-ga\/\">Y\u1ebfn th\u1ea3 n\u01b0\u1edbc c\u1ed1t g\u00e0<\/a><\/p>\n<div id=\"noidung_tintuc\">Sorry, this entry is only available in Vietnamese. [...]<\/div>\n<\/div>\n<p>\n<\/p>\n<div id=\"tintuc_content\"><a  href=\"https:\/\/phuquocyensao.vn\/en\/2016\/02\/02\/sua-chua-yen-sao\/\"><img width=\"725\" height=\"408\" src=\"https:\/\/phuquocyensao.vn\/wp-content\/uploads\/2016\/02\/yaourt-yen-sao-buoc-1.jpg\" class=\"attachment-full size-full wp-post-image\" alt=\"\" loading=\"lazy\" \/><\/a><br \/>\n<a  href=\"https:\/\/phuquocyensao.vn\/en\/2016\/02\/02\/sua-chua-yen-sao\/\">S\u1eefa chua y\u1ebfn s\u00e0o<\/a><\/p>\n<div id=\"noidung_tintuc\">Sorry, this entry is only available in Vietnamese. [...]<\/div>\n<\/div>\n<p>\n<\/div>\n<\/div>\n<p><\/p>","protected":false},"excerpt":{"rendered":"<p>Products Salanganes&#8217;Nest Other products The use of bird nests Processing Salanganes&#8217;Nest<\/p>\n","protected":false},"author":2,"featured_media":1280,"parent":0,"menu_order":0,"comment_status":"closed","ping_status":"closed","template":"","meta":[],"yoast_head":"<!-- This site is optimized with the Yoast SEO plugin v14.3 - https:\/\/yoast.com\/wordpress\/plugins\/seo\/ -->\n<meta name=\"robots\" content=\"index, follow\" \/>\n<meta name=\"googlebot\" content=\"index, follow, max-snippet:-1, max-image-preview:large, max-video-preview:-1\" \/>\n<meta name=\"bingbot\" content=\"index, follow, max-snippet:-1, max-image-preview:large, max-video-preview:-1\" \/>\n<link rel=\"canonical\" href=\"https:\/\/phuquocyensao.vn\/\" \/>\n<meta property=\"og:locale\" content=\"en_US\" \/>\n<meta property=\"og:type\" content=\"article\" \/>\n<meta property=\"og:title\" content=\"[:vi]Trang ch\u1ee7[:en]Home page[:zh]\u4e3b\u9801[:] - https:\/\/phuquocyensao.vn\/\" \/>\n<meta property=\"og:description\" content=\"Products Salanganes&#8217;Nest Other products The use of bird nests Processing Salanganes&#8217;Nest\" \/>\n<meta property=\"og:url\" content=\"https:\/\/phuquocyensao.vn\/\" \/>\n<meta property=\"og:site_name\" content=\"https:\/\/phuquocyensao.vn\/\" \/>\n<meta property=\"article:modified_time\" content=\"2025-12-19T07:55:08+00:00\" \/>\n<meta property=\"og:image\" content=\"https:\/\/phuquocyensao.vn\/wp-content\/uploads\/2025\/12\/banner1.png\" \/>\n\t<meta property=\"og:image:width\" content=\"863\" \/>\n\t<meta property=\"og:image:height\" content=\"309\" \/>\n<meta name=\"twitter:card\" content=\"summary_large_image\" \/>\n<script type=\"application\/ld+json\" class=\"yoast-schema-graph\">{\"@context\":\"https:\/\/schema.org\",\"@graph\":[{\"@type\":\"WebSite\",\"@id\":\"https:\/\/phuquocyensao.vn\/en\/#website\",\"url\":\"https:\/\/phuquocyensao.vn\/en\/\",\"name\":\"Y\\u1ebfn s\\u00e0o Ph\\u00fa Qu\\u1ed1c\",\"description\":\"123\",\"potentialAction\":[{\"@type\":\"SearchAction\",\"target\":\"https:\/\/phuquocyensao.vn\/en\/?s={search_term_string}\",\"query-input\":\"required name=search_term_string\"}],\"inLanguage\":\"en-US\"},{\"@type\":\"ImageObject\",\"@id\":\"https:\/\/phuquocyensao.vn\/#primaryimage\",\"inLanguage\":\"en-US\",\"url\":\"https:\/\/phuquocyensao.vn\/wp-content\/uploads\/2025\/12\/banner1.png\",\"width\":863,\"height\":309},{\"@type\":\"WebPage\",\"@id\":\"https:\/\/phuquocyensao.vn\/#webpage\",\"url\":\"https:\/\/phuquocyensao.vn\/\",\"name\":\"[:vi]Trang ch\\u1ee7[:en]Home page[:zh]\\u4e3b\\u9801[:] - https:\/\/phuquocyensao.vn\/\",\"isPartOf\":{\"@id\":\"https:\/\/phuquocyensao.vn\/en\/#website\"},\"primaryImageOfPage\":{\"@id\":\"https:\/\/phuquocyensao.vn\/#primaryimage\"},\"datePublished\":\"2015-12-18T06:40:16+00:00\",\"dateModified\":\"2025-12-19T07:55:08+00:00\",\"inLanguage\":\"en-US\",\"potentialAction\":[{\"@type\":\"ReadAction\",\"target\":[\"https:\/\/phuquocyensao.vn\/\"]}]}]}<\/script>\n<!-- \/ Yoast SEO plugin. -->","_links":{"self":[{"href":"https:\/\/phuquocyensao.vn\/en\/wp-json\/wp\/v2\/pages\/7"}],"collection":[{"href":"https:\/\/phuquocyensao.vn\/en\/wp-json\/wp\/v2\/pages"}],"about":[{"href":"https:\/\/phuquocyensao.vn\/en\/wp-json\/wp\/v2\/types\/page"}],"author":[{"embeddable":true,"href":"https:\/\/phuquocyensao.vn\/en\/wp-json\/wp\/v2\/users\/2"}],"replies":[{"embeddable":true,"href":"https:\/\/phuquocyensao.vn\/en\/wp-json\/wp\/v2\/comments?post=7"}],"version-history":[{"count":181,"href":"https:\/\/phuquocyensao.vn\/en\/wp-json\/wp\/v2\/pages\/7\/revisions"}],"predecessor-version":[{"id":1282,"href":"https:\/\/phuquocyensao.vn\/en\/wp-json\/wp\/v2\/pages\/7\/revisions\/1282"}],"wp:featuredmedia":[{"embeddable":true,"href":"https:\/\/phuquocyensao.vn\/en\/wp-json\/wp\/v2\/media\/1280"}],"wp:attachment":[{"href":"https:\/\/phuquocyensao.vn\/en\/wp-json\/wp\/v2\/media?parent=7"}],"curies":[{"name":"wp","href":"https:\/\/api.w.org\/{rel}","templated":true}]}}